{"id":1737,"date":"2022-03-23T13:11:36","date_gmt":"2022-03-23T13:11:36","guid":{"rendered":"https:\/\/wgl-demo.net\/bili\/?page_id=1737"},"modified":"2025-08-07T19:21:28","modified_gmt":"2025-08-07T22:21:28","slug":"cases","status":"publish","type":"page","link":"https:\/\/dev.agenciaatimo.com.br\/agencia\/cases\/","title":{"rendered":"Cases"},"content":{"rendered":"\t\t<div data-elementor-type=\"wp-page\" data-elementor-id=\"1737\" class=\"elementor elementor-1737\">\n\t\t\t\t\t\t<section class=\"elementor-section elementor-top-section elementor-element elementor-element-5a224d6 elementor-section-boxed elementor-section-height-default elementor-section-height-default\" data-id=\"5a224d6\" data-element_type=\"section\">\n\t\t\t\t\t\t<div class=\"elementor-container elementor-column-gap-default\">\n\t\t\t\t\t<div class=\"elementor-column elementor-col-100 elementor-top-column elementor-element elementor-element-981543e\" data-id=\"981543e\" data-element_type=\"column\">\n\t\t\t<div class=\"elementor-widget-wrap elementor-element-populated\">\n\t\t\t\t\t\t<div class=\"elementor-element elementor-element-9bb5d75 elementor-widget elementor-widget-wgl-portfolio\" data-id=\"9bb5d75\" data-element_type=\"widget\" data-settings=\"{&quot;grid_gap&quot;:{&quot;unit&quot;:&quot;px&quot;,&quot;size&quot;:30,&quot;sizes&quot;:[]},&quot;grid_gap_tablet&quot;:{&quot;unit&quot;:&quot;px&quot;,&quot;size&quot;:&quot;&quot;,&quot;sizes&quot;:[]},&quot;grid_gap_mobile&quot;:{&quot;unit&quot;:&quot;px&quot;,&quot;size&quot;:&quot;&quot;,&quot;sizes&quot;:[]}}\" data-widget_type=\"wgl-portfolio.default\">\n\t\t\t\t<div class=\"elementor-widget-container\">\n\t\t\t\t\t<section class=\"wgl_cpt_section\"><div class=\"wgl-portfolio\" id=\"portfolio_module_69d7909b6ba15\"><div class=\"wgl-portfolio_header filter-right\"><div class=\"wgl-filter_wrapper portfolio__filter isotope-filter has_filter_counter\"><div class=\"wgl-filter_swiper_wrapper\"><div class=\"swiper-wrapper\"><a href=\"#\" data-filter=\".portfolio__item\" class=\"isotope__filter swiper-slide active\">All<span class=\"filter_counter\"><\/span><\/a><a class=\"swiper-slide\" href=\"https:\/\/dev.agenciaatimo.com.br\/agencia\/portfolio-category\/conteudo\/\" data-filter=\".conteudo\" >CONTE\u00daDO<span class=\"filter_counter\"><\/span><\/a><a class=\"swiper-slide\" href=\"https:\/\/dev.agenciaatimo.com.br\/agencia\/portfolio-category\/design\/\" data-filter=\".design\" >DESIGN<span class=\"filter_counter\"><\/span><\/a><a class=\"swiper-slide\" href=\"https:\/\/dev.agenciaatimo.com.br\/agencia\/portfolio-category\/midia-ads\/\" data-filter=\".midia-ads\" >M\u00cdDIA \/ ADS<span class=\"filter_counter\"><\/span><\/a><a class=\"swiper-slide\" href=\"https:\/\/dev.agenciaatimo.com.br\/agencia\/portfolio-category\/outros\/\" data-filter=\".outros\" >OUTROS<span class=\"filter_counter\"><\/span><\/a><\/div><\/div><\/div><\/div><div class=\"wgl-portfolio_wrapper\"><div class=\"wgl-portfolio_container container-grid row masonry isotope col-3\"><article class=\"portfolio__item item\"><div class=\"item__wrapper description_under_image\"><div class=\"item__image\"><img decoding=\"async\" src=\"https:\/\/dev.agenciaatimo.com.br\/agencia\/wp-content\/uploads\/2025\/08\/capa-case-zait-740x740.jpg\" alt=\"\"><div class=\"overlay\"><\/div><a href=\"https:\/\/dev.agenciaatimo.com.br\/agencia\/portfolio\/campanha-de-lancamento-zait-chac-santo-antonio\/\" class=\"single_link portfolio_link\"><\/a><\/div><div class=\"item__description\"><div class=\"description__wrapper\"><div class=\"item__title\"><h5 class=\"title\"><a href=\"https:\/\/dev.agenciaatimo.com.br\/agencia\/portfolio\/campanha-de-lancamento-zait-chac-santo-antonio\/\" class=\"single_link\">Campanha de Lan\u00e7amento Zait Ch\u00e1c. Santo Ant\u00f4nio<\/a><\/h5><\/div><\/div><\/div><\/div><\/article><article class=\"portfolio__item item design\"><div class=\"item__wrapper description_under_image\"><div class=\"item__image\"><img decoding=\"async\" src=\"https:\/\/dev.agenciaatimo.com.br\/agencia\/wp-content\/uploads\/2025\/08\/capa-case-book-cp-residencial-740x740.jpg\" alt=\"\"><div class=\"overlay\"><\/div><a href=\"https:\/\/dev.agenciaatimo.com.br\/agencia\/portfolio\/portfolio-institucional-cp-residencial\/\" class=\"single_link portfolio_link\"><\/a><\/div><div class=\"item__description\"><div class=\"description__wrapper\"><div class=\"post_cats\"><a href=https:\/\/dev.agenciaatimo.com.br\/agencia\/portfolio-category\/design\/ class=\"portfolio-category\">DESIGN<\/a><\/div><div class=\"item__title\"><h5 class=\"title\"><a href=\"https:\/\/dev.agenciaatimo.com.br\/agencia\/portfolio\/portfolio-institucional-cp-residencial\/\" class=\"single_link\">Portf\u00f3lio Institucional CP Residencial<\/a><\/h5><\/div><\/div><\/div><\/div><\/article><article class=\"portfolio__item item conteudo design\"><div class=\"item__wrapper description_under_image\"><div class=\"item__image\"><img decoding=\"async\" src=\"https:\/\/dev.agenciaatimo.com.br\/agencia\/wp-content\/uploads\/2025\/08\/capa-case-raposo-fibra-740x740.jpg\" alt=\"\"><div class=\"overlay\"><\/div><a href=\"https:\/\/dev.agenciaatimo.com.br\/agencia\/portfolio\/conteudo-editorial-raposo-fibra\/\" class=\"single_link portfolio_link\"><\/a><\/div><div class=\"item__description\"><div class=\"description__wrapper\"><div class=\"post_cats\"><a href=https:\/\/dev.agenciaatimo.com.br\/agencia\/portfolio-category\/conteudo\/ class=\"portfolio-category\">CONTE\u00daDO<\/a><a href=https:\/\/dev.agenciaatimo.com.br\/agencia\/portfolio-category\/design\/ class=\"portfolio-category\">DESIGN<\/a><\/div><div class=\"item__title\"><h5 class=\"title\"><a href=\"https:\/\/dev.agenciaatimo.com.br\/agencia\/portfolio\/conteudo-editorial-raposo-fibra\/\" class=\"single_link\">Conte\u00fado Editorial Raposo Fibra<\/a><\/h5><\/div><\/div><\/div><\/div><\/article><article class=\"portfolio__item item design\"><div class=\"item__wrapper description_under_image\"><div class=\"item__image\"><img decoding=\"async\" src=\"https:\/\/dev.agenciaatimo.com.br\/agencia\/wp-content\/uploads\/2025\/08\/capa-case-innovi-740x740.jpg\" alt=\"\"><div class=\"overlay\"><\/div><a href=\"https:\/\/dev.agenciaatimo.com.br\/agencia\/portfolio\/brandbook-innovi-consult\/\" class=\"single_link portfolio_link\"><\/a><\/div><div class=\"item__description\"><div class=\"description__wrapper\"><div class=\"post_cats\"><a href=https:\/\/dev.agenciaatimo.com.br\/agencia\/portfolio-category\/design\/ class=\"portfolio-category\">DESIGN<\/a><\/div><div class=\"item__title\"><h5 class=\"title\"><a href=\"https:\/\/dev.agenciaatimo.com.br\/agencia\/portfolio\/brandbook-innovi-consult\/\" class=\"single_link\">Brandbook Innovi Consult<\/a><\/h5><\/div><\/div><\/div><\/div><\/article><article class=\"portfolio__item item design midia-ads\"><div class=\"item__wrapper description_under_image\"><div class=\"item__image\"><img decoding=\"async\" src=\"https:\/\/dev.agenciaatimo.com.br\/agencia\/wp-content\/uploads\/2025\/08\/capa-case-la-villa-madrid-740x740.jpg\" alt=\"\"><div class=\"overlay\"><\/div><a href=\"https:\/\/dev.agenciaatimo.com.br\/agencia\/portfolio\/campanha-de-lancamento-la-villa-madrid\/\" class=\"single_link portfolio_link\"><\/a><\/div><div class=\"item__description\"><div class=\"description__wrapper\"><div class=\"post_cats\"><a href=https:\/\/dev.agenciaatimo.com.br\/agencia\/portfolio-category\/design\/ class=\"portfolio-category\">DESIGN<\/a><a href=https:\/\/dev.agenciaatimo.com.br\/agencia\/portfolio-category\/midia-ads\/ class=\"portfolio-category\">M\u00cdDIA \/ ADS<\/a><\/div><div class=\"item__title\"><h5 class=\"title\"><a href=\"https:\/\/dev.agenciaatimo.com.br\/agencia\/portfolio\/campanha-de-lancamento-la-villa-madrid\/\" class=\"single_link\">Campanha de Lan\u00e7amento La Villa Madrid<\/a><\/h5><\/div><\/div><\/div><\/div><\/article><article class=\"portfolio__item item design outros\"><div class=\"item__wrapper description_under_image\"><div class=\"item__image\"><img decoding=\"async\" src=\"https:\/\/dev.agenciaatimo.com.br\/agencia\/wp-content\/uploads\/2025\/08\/capa-case-fearless-740x740.jpg\" alt=\"\"><div class=\"overlay\"><\/div><a href=\"https:\/\/dev.agenciaatimo.com.br\/agencia\/portfolio\/elementor-4793\/\" class=\"single_link portfolio_link\"><\/a><\/div><div class=\"item__description\"><div class=\"description__wrapper\"><div class=\"post_cats\"><a href=https:\/\/dev.agenciaatimo.com.br\/agencia\/portfolio-category\/design\/ class=\"portfolio-category\">DESIGN<\/a><a href=https:\/\/dev.agenciaatimo.com.br\/agencia\/portfolio-category\/outros\/ class=\"portfolio-category\">OUTROS<\/a><\/div><div class=\"item__title\"><h5 class=\"title\"><a href=\"https:\/\/dev.agenciaatimo.com.br\/agencia\/portfolio\/elementor-4793\/\" class=\"single_link\">Website Fearless Invest<\/a><\/h5><\/div><\/div><\/div><\/div><\/article><\/div><\/div><div class=\"clear\"><\/div><div class=\"load_more_wrapper\"><div class=\"button_wrapper\"><button class=\"load_more_item wgl-button\"><span class=\"load_more__text\">VER MAIS<\/span><\/button><\/div><form class=\"posts_grid_ajax\"><input type=\"hidden\" class=\"ajax_data\" name=\"69d7909b723f5_ajax_data\" value=\"{&quot;show_filter&quot;:&quot;yes&quot;,&quot;filter_alignment&quot;:&quot;right&quot;,&quot;remainings_loading_type&quot;:&quot;load_more&quot;,&quot;load_more_text&quot;:&quot;VER MAIS&quot;,&quot;number_of_posts&quot;:9,&quot;thubmnail_overlay_hover_background&quot;:&quot;classic&quot;,&quot;thubmnail_overlay_hover_image&quot;:{&quot;url&quot;:&quot;&quot;,&quot;id&quot;:&quot;&quot;,&quot;size&quot;:&quot;&quot;,&quot;alt&quot;:&quot;&quot;,&quot;source&quot;:&quot;library&quot;},&quot;thubmnail_overlay_hover_position&quot;:&quot;center center&quot;,&quot;thubmnail_overlay_hover_repeat&quot;:&quot;no-repeat&quot;,&quot;layout&quot;:&quot;grid&quot;,&quot;posts_per_row&quot;:3,&quot;grid_gap&quot;:30,&quot;grid_gap_tablet&quot;:{&quot;unit&quot;:&quot;px&quot;,&quot;size&quot;:&quot;&quot;,&quot;sizes&quot;:[]},&quot;grid_gap_mobile&quot;:{&quot;unit&quot;:&quot;px&quot;,&quot;size&quot;:&quot;&quot;,&quot;sizes&quot;:[]},&quot;filter_counter_enabled&quot;:&quot;yes&quot;,&quot;img_size_string&quot;:&quot;740x740&quot;,&quot;remainings_loading_btn_items_amount&quot;:4,&quot;show_portfolio_title&quot;:&quot;yes&quot;,&quot;show_meta_categories&quot;:&quot;yes&quot;,&quot;description_position&quot;:&quot;under_image&quot;,&quot;image_has_link&quot;:&quot;yes&quot;,&quot;title_has_link&quot;:&quot;yes&quot;,&quot;link_destination&quot;:&quot;single&quot;,&quot;order_by&quot;:&quot;date&quot;,&quot;order&quot;:&quot;DESC&quot;,&quot;_transform_keep_proportions&quot;:&quot;yes&quot;,&quot;_transform_keep_proportions_hover&quot;:&quot;yes&quot;,&quot;module_id&quot;:&quot;portfolio_module_69d7909b6ba15&quot;,&quot;query_args&quot;:{&quot;post_status&quot;:&quot;publish&quot;,&quot;posts_per_page&quot;:9,&quot;orderby&quot;:&quot;date&quot;,&quot;order&quot;:&quot;DESC&quot;,&quot;paged&quot;:1,&quot;post_type&quot;:&quot;portfolio&quot;},&quot;post_count&quot;:6,&quot;found_posts&quot;:6,&quot;masonry_post_index&quot;:6}\"><\/form><\/div><\/div><\/section>\t\t\t\t<\/div>\n\t\t\t\t<\/div>\n\t\t\t\t<div class=\"elementor-element elementor-element-977d0bc elementor-widget elementor-widget-spacer\" data-id=\"977d0bc\" data-element_type=\"widget\" data-widget_type=\"spacer.default\">\n\t\t\t\t\t\t\t<div class=\"elementor-spacer\">\n\t\t\t<div class=\"elementor-spacer-inner\"><\/div>\n\t\t<\/div>\n\t\t\t\t\t\t<\/div>\n\t\t\t\t\t<\/div>\n\t\t<\/div>\n\t\t\t\t\t<\/div>\n\t\t<\/section>\n\t\t\t\t<\/div>\n\t\t","protected":false},"excerpt":{"rendered":"<p>AllCONTE\u00daDODESIGNM\u00cdDIA \/ ADSOUTROS Campanha de Lan\u00e7amento Zait Ch\u00e1c. Santo Ant\u00f4nio DESIGN Portf\u00f3lio Institucional CP Residencial CONTE\u00daDODESIGN Conte\u00fado Editorial Raposo Fibra DESIGN Brandbook Innovi Consult DESIGNM\u00cdDIA \/ ADS Campanha de Lan\u00e7amento La Villa Madrid DESIGNOUTROS Website Fearless Invest VER MAIS<\/p>\n","protected":false},"author":1,"featured_media":0,"parent":0,"menu_order":0,"comment_status":"closed","ping_status":"closed","template":"","meta":{"footnotes":""},"class_list":["post-1737","page","type-page","status-publish","hentry"],"_links":{"self":[{"href":"https:\/\/dev.agenciaatimo.com.br\/agencia\/wp-json\/wp\/v2\/pages\/1737","targetHints":{"allow":["GET"]}}],"collection":[{"href":"https:\/\/dev.agenciaatimo.com.br\/agencia\/wp-json\/wp\/v2\/pages"}],"about":[{"href":"https:\/\/dev.agenciaatimo.com.br\/agencia\/wp-json\/wp\/v2\/types\/page"}],"author":[{"embeddable":true,"href":"https:\/\/dev.agenciaatimo.com.br\/agencia\/wp-json\/wp\/v2\/users\/1"}],"replies":[{"embeddable":true,"href":"https:\/\/dev.agenciaatimo.com.br\/agencia\/wp-json\/wp\/v2\/comments?post=1737"}],"version-history":[{"count":10,"href":"https:\/\/dev.agenciaatimo.com.br\/agencia\/wp-json\/wp\/v2\/pages\/1737\/revisions"}],"predecessor-version":[{"id":5260,"href":"https:\/\/dev.agenciaatimo.com.br\/agencia\/wp-json\/wp\/v2\/pages\/1737\/revisions\/5260"}],"wp:attachment":[{"href":"https:\/\/dev.agenciaatimo.com.br\/agencia\/wp-json\/wp\/v2\/media?parent=1737"}],"curies":[{"name":"wp","href":"https:\/\/api.w.org\/{rel}","templated":true}]}}